{"id":519,"date":"2022-11-08T08:48:40","date_gmt":"2022-11-08T07:48:40","guid":{"rendered":"https:\/\/usedharvesterheads.com\/websiteinformationen\/"},"modified":"2022-11-10T15:09:30","modified_gmt":"2022-11-10T14:09:30","slug":"websiteinformationen","status":"publish","type":"page","link":"https:\/\/usedharvesterheads.com\/de\/websiteinformationen\/","title":{"rendered":"Websiteinformationen"},"content":{"rendered":"\n<h2 class=\"wp-block-heading\" id=\"WEBBLASARE\">Webbrowser<\/h2>\n\n<p>Unsere Website funktioniert am besten mit moderneren Versionen g\u00e4ngiger Webbrowser. Wir empfehlen einen der folgenden Webbrowser:<br\/>Funktioniert die Website nicht, liegt dies m\u00f6glicherweise daran, dass JavaScript und bzw. oder Cookies im Webbrowser deaktiviert sind. \u00dcberpr\u00fcfen Sie dies wie folgt:<\/p>\n\n<ul class=\"wp-block-list\">\n<li>Im Internet Explorer sollten Werkzeuge\/Internetoptionen\/Sicherheit\/Stufe anpassen\/Active Scripting aktiviert und das Kontrollk\u00e4stchen Werkzeuge\/Internetoptionen\/Datenschutz\/Erweitert\/Automatische Cookie-Verwaltung au\u00dfer Kraft setzen nicht markiert sein.<\/li>\n\n\n\n<li>Bei Firefox sollten die Kontrollk\u00e4stchen Werkzeug\/Einstellungen\/Datenschutz\/Cookies\/Speicherung von Cookies zulassen und Werkzeuge\/Einstellungen\/Inhalt\/JavaScript aktivieren markiert werden.<\/li>\n\n\n\n<li>In Safari wechseln Sie im Safari-Men\u00fc zur Registerkarte Sicherheit und markieren JavaScript aktivieren und w\u00e4hlen die Option Immer aus, die sich rechts von Cookies akzeptieren befindet. Bei anderen Webbrowsern kann die Aktivierung von JavaScript und Cookies anders erfolgen. Sie gehen meist aus den Einstellungen des Webbrowsers hervor.<\/li>\n<\/ul>\n\n<hr class=\"wp-block-separator has-css-opacity\"\/>\n\n<h2 class=\"wp-block-heading\" id=\"COOKIES\">Cookies<\/h2>\n\n<p>Unsere Website verwendet so genannte Cookies. Bei einem Cookie handelt es sich um eine kleine Datei, die die Website auf Ihrem Computer speichert.<\/p>\n\n<h4 class=\"wp-block-heading\">Cookies werden vor\u00fcbergehend auf dem Computer abgelegt.<\/h4>\n\n<p>Wir nutzen Session-Cookies und Session-ID, um die verschiedenen Seiten korrekt anzuzeigen. Der Cookie wird nicht vom Computer gespeichert. Er ist nur so lange vorhanden, bis Sie den Webbrowser wieder schlie\u00dfen. Dieser Cookie-Typ dient lediglich der Kommunikation zwischen Ihrem Computer und unserem Server. Wir erhalten keine Benutzerinformationen \u00fcber Sie und eine eventuelle Virus\u00fcbertragung ist nicht m\u00f6glich.<\/p>\n\n<h4 class=\"wp-block-heading\">Der Cookie l\u00e4sst sich deaktiveren.<\/h4>\n\n<p>Akzeptieren Sie die Verwendung von Cookies nicht, k\u00f6nnen Sie Ihren Webbrowser dementsprechend einstellen. Die Website wird daraufhin nicht ordnungsgem\u00e4\u00df angezeigt.<\/p>\n\n<hr class=\"wp-block-separator has-css-opacity\"\/>\n\n<h2 class=\"wp-block-heading\" id=\"JAVASCRIPT\">Javascript<\/h2>\n\n<p>Mehrere Website-Serviceleistungen erfordern die Aktivierung von JavaScript. Kontrollieren Sie, ob JavaScript im Webbrowser aktiviert ist.<\/p>\n\n<p><\/p>\n\n<p><\/p>\n\n<hr class=\"wp-block-separator has-css-opacity\"\/>\n\n<h2 class=\"wp-block-heading\" id=\"KONTAKT\">Kontakt und Support<\/h2>\n\n<p>Bei technischen Problemen oder allgemeinen Fragen k\u00f6nnen Sie sich \u00fcber den Link <a href=\"https:\/\/spmaskiner.com\/sv\/kontakt\/kontakt\/\">an uns wenden<\/a>.<\/p>\n","protected":false},"excerpt":{"rendered":"<p>Webbrowser Unsere Website funktioniert am besten mit moderneren Versionen g\u00e4ngiger Webbrowser. Wir empfehlen einen der folgenden Webbrowser:Funktioniert die Website nicht, liegt dies m\u00f6glicherweise daran, dass JavaScript und bzw. oder Cookies im Webbrowser deaktiviert sind. \u00dcberpr\u00fcfen Sie dies wie folgt: Cookies Unsere Website verwendet so genannte Cookies. Bei einem Cookie handelt es sich um eine kleine [&hellip;]<\/p>\n","protected":false},"author":1,"featured_media":0,"parent":0,"menu_order":0,"comment_status":"closed","ping_status":"closed","template":"","meta":{"_acf_changed":false,"site-sidebar-layout":"default","site-content-layout":"","ast-site-content-layout":"default","site-content-style":"default","site-sidebar-style":"default","ast-global-header-display":"","ast-banner-title-visibility":"","ast-main-header-display":"","ast-hfb-above-header-display":"","ast-hfb-below-header-display":"","ast-hfb-mobile-header-display":"","site-post-title":"","ast-breadcrumbs-content":"","ast-featured-img":"","footer-sml-layout":"","theme-transparent-header-meta":"","adv-header-id-meta":"","stick-header-meta":"","header-above-stick-meta":"","header-main-stick-meta":"","header-below-stick-meta":"","astra-migrate-meta-layouts":"default","ast-page-background-enabled":"default","ast-page-background-meta":{"desktop":{"background-color":"var(--ast-global-color-4)","background-image":"","background-repeat":"repeat","background-position":"center center","background-size":"auto","background-attachment":"scroll","background-type":"","background-media":"","overlay-type":"","overlay-color":"","overlay-opacity":"","overlay-gradient":""},"tablet":{"background-color":"","background-image":"","background-repeat":"repeat","background-position":"center center","background-size":"auto","background-attachment":"scroll","background-type":"","background-media":"","overlay-type":"","overlay-color":"","overlay-opacity":"","overlay-gradient":""},"mobile":{"background-color":"","background-image":"","background-repeat":"repeat","background-position":"center center","background-size":"auto","background-attachment":"scroll","background-type":"","background-media":"","overlay-type":"","overlay-color":"","overlay-opacity":"","overlay-gradient":""}},"ast-content-background-meta":{"desktop":{"background-color":"var(--ast-global-color-5)","background-image":"","background-repeat":"repeat","background-position":"center center","background-size":"auto","background-attachment":"scroll","background-type":"","background-media":"","overlay-type":"","overlay-color":"","overlay-opacity":"","overlay-gradient":""},"tablet":{"background-color":"var(--ast-global-color-5)","background-image":"","background-repeat":"repeat","background-position":"center center","background-size":"auto","background-attachment":"scroll","background-type":"","background-media":"","overlay-type":"","overlay-color":"","overlay-opacity":"","overlay-gradient":""},"mobile":{"background-color":"var(--ast-global-color-5)","background-image":"","background-repeat":"repeat","background-position":"center center","background-size":"auto","background-attachment":"scroll","background-type":"","background-media":"","overlay-type":"","overlay-color":"","overlay-opacity":"","overlay-gradient":""}},"footnotes":""},"class_list":["post-519","page","type-page","status-publish","hentry"],"acf":[],"_links":{"self":[{"href":"https:\/\/usedharvesterheads.com\/de\/wp-json\/wp\/v2\/pages\/519","targetHints":{"allow":["GET"]}}],"collection":[{"href":"https:\/\/usedharvesterheads.com\/de\/wp-json\/wp\/v2\/pages"}],"about":[{"href":"https:\/\/usedharvesterheads.com\/de\/wp-json\/wp\/v2\/types\/page"}],"author":[{"embeddable":true,"href":"https:\/\/usedharvesterheads.com\/de\/wp-json\/wp\/v2\/users\/1"}],"replies":[{"embeddable":true,"href":"https:\/\/usedharvesterheads.com\/de\/wp-json\/wp\/v2\/comments?post=519"}],"version-history":[{"count":1,"href":"https:\/\/usedharvesterheads.com\/de\/wp-json\/wp\/v2\/pages\/519\/revisions"}],"predecessor-version":[{"id":520,"href":"https:\/\/usedharvesterheads.com\/de\/wp-json\/wp\/v2\/pages\/519\/revisions\/520"}],"wp:attachment":[{"href":"https:\/\/usedharvesterheads.com\/de\/wp-json\/wp\/v2\/media?parent=519"}],"curies":[{"name":"wp","href":"https:\/\/api.w.org\/{rel}","templated":true}]}}