{"id":535,"date":"2022-11-01T15:47:34","date_gmt":"2022-11-01T14:47:34","guid":{"rendered":"https:\/\/usedharvesterheads.com\/gebrauchte-harvesteraggregate\/"},"modified":"2023-08-21T16:48:33","modified_gmt":"2023-08-21T14:48:33","slug":"gebrauchte-harvesteraggregate","status":"publish","type":"page","link":"https:\/\/usedharvesterheads.com\/de\/","title":{"rendered":"Gebrauchte Harvesteraggregate"},"content":{"rendered":"\n<p>Suchen Sie ein neues Harvesteraggregat f\u00fcr Ihre Forstmaschine? SP Maskiner verf\u00fcgt \u00fcber eine Reihe gebrauchter Harvesteraggregate, die von Kunden bei uns in Zahlung gegeben wurden. Dabei handelt es sich prim\u00e4r um eigene Harvesteraggregate, mitunter aber auch andere Fabrikate. Harvesteraggregate werden vor der Lieferung gewartet und Probe gefahren.<\/p>\n\n\n\n<div class=\"wp-block-columns contact-box has-border-color has-ast-global-color-6-border-color has-ast-global-color-4-background-color has-background is-layout-flex wp-container-core-columns-is-layout-9033841d wp-block-columns-is-layout-flex\" style=\"border-width:1px;padding-top:12px;padding-right:12px;padding-bottom:12px;padding-left:12px;line-height:1.1\">\n<div class=\"wp-block-column is-layout-flow wp-block-column-is-layout-flow\">\n<h3 class=\"wp-block-heading\">Verk\u00e4ufer kontaktieren<\/h3>\n\n\n\n<p style=\"line-height:1.2\">Weitere Informationen zu gebrauchten Harvesteraggregaten erhalten Sie von unserer Vertriebsabteilung.<\/p>\n\n\n\n<p style=\"line-height:1.2\">E-post: <a href=\"mailto:spm_sales@spmaskiner.se\">spm_sales@spmaskiner.se<\/a><\/p>\n\n\n\n<p style=\"line-height:1\">Telefon:<br>Anders Haagtel: +46 72 455 2178<\/p>\n<\/div>\n<\/div>\n\n\n\n<p><\/p>\n","protected":false},"excerpt":{"rendered":"<p>Suchen Sie ein neues Harvesteraggregat f\u00fcr Ihre Forstmaschine? SP Maskiner verf\u00fcgt \u00fcber eine Reihe gebrauchter Harvesteraggregate, die von Kunden bei uns in Zahlung gegeben wurden. Dabei handelt es sich prim\u00e4r um eigene Harvesteraggregate, mitunter aber auch andere Fabrikate. Harvesteraggregate werden vor der Lieferung gewartet und Probe gefahren. Verk\u00e4ufer kontaktieren Weitere Informationen zu gebrauchten Harvesteraggregaten erhalten [&hellip;]<\/p>\n","protected":false},"author":1,"featured_media":0,"parent":0,"menu_order":0,"comment_status":"closed","ping_status":"closed","template":"skordaraggregat.php","meta":{"_acf_changed":false,"site-sidebar-layout":"default","site-content-layout":"","ast-site-content-layout":"default","site-content-style":"default","site-sidebar-style":"default","ast-global-header-display":"","ast-banner-title-visibility":"","ast-main-header-display":"","ast-hfb-above-header-display":"","ast-hfb-below-header-display":"","ast-hfb-mobile-header-display":"","site-post-title":"","ast-breadcrumbs-content":"","ast-featured-img":"","footer-sml-layout":"","theme-transparent-header-meta":"","adv-header-id-meta":"","stick-header-meta":"","header-above-stick-meta":"","header-main-stick-meta":"","header-below-stick-meta":"","astra-migrate-meta-layouts":"default","ast-page-background-enabled":"default","ast-page-background-meta":{"desktop":{"background-color":"var(--ast-global-color-4)","background-image":"","background-repeat":"repeat","background-position":"center center","background-size":"auto","background-attachment":"scroll","background-type":"","background-media":"","overlay-type":"","overlay-color":"","overlay-opacity":"","overlay-gradient":""},"tablet":{"background-color":"","background-image":"","background-repeat":"repeat","background-position":"center center","background-size":"auto","background-attachment":"scroll","background-type":"","background-media":"","overlay-type":"","overlay-color":"","overlay-opacity":"","overlay-gradient":""},"mobile":{"background-color":"","background-image":"","background-repeat":"repeat","background-position":"center center","background-size":"auto","background-attachment":"scroll","background-type":"","background-media":"","overlay-type":"","overlay-color":"","overlay-opacity":"","overlay-gradient":""}},"ast-content-background-meta":{"desktop":{"background-color":"var(--ast-global-color-5)","background-image":"","background-repeat":"repeat","background-position":"center center","background-size":"auto","background-attachment":"scroll","background-type":"","background-media":"","overlay-type":"","overlay-color":"","overlay-opacity":"","overlay-gradient":""},"tablet":{"background-color":"var(--ast-global-color-5)","background-image":"","background-repeat":"repeat","background-position":"center center","background-size":"auto","background-attachment":"scroll","background-type":"","background-media":"","overlay-type":"","overlay-color":"","overlay-opacity":"","overlay-gradient":""},"mobile":{"background-color":"var(--ast-global-color-5)","background-image":"","background-repeat":"repeat","background-position":"center center","background-size":"auto","background-attachment":"scroll","background-type":"","background-media":"","overlay-type":"","overlay-color":"","overlay-opacity":"","overlay-gradient":""}},"footnotes":""},"class_list":["post-535","page","type-page","status-publish","hentry"],"acf":[],"_links":{"self":[{"href":"https:\/\/usedharvesterheads.com\/de\/wp-json\/wp\/v2\/pages\/535","targetHints":{"allow":["GET"]}}],"collection":[{"href":"https:\/\/usedharvesterheads.com\/de\/wp-json\/wp\/v2\/pages"}],"about":[{"href":"https:\/\/usedharvesterheads.com\/de\/wp-json\/wp\/v2\/types\/page"}],"author":[{"embeddable":true,"href":"https:\/\/usedharvesterheads.com\/de\/wp-json\/wp\/v2\/users\/1"}],"replies":[{"embeddable":true,"href":"https:\/\/usedharvesterheads.com\/de\/wp-json\/wp\/v2\/comments?post=535"}],"version-history":[{"count":10,"href":"https:\/\/usedharvesterheads.com\/de\/wp-json\/wp\/v2\/pages\/535\/revisions"}],"predecessor-version":[{"id":739,"href":"https:\/\/usedharvesterheads.com\/de\/wp-json\/wp\/v2\/pages\/535\/revisions\/739"}],"wp:attachment":[{"href":"https:\/\/usedharvesterheads.com\/de\/wp-json\/wp\/v2\/media?parent=535"}],"curies":[{"name":"wp","href":"https:\/\/api.w.org\/{rel}","templated":true}]}}