{"id":227,"date":"2022-11-01T15:47:34","date_gmt":"2022-11-01T14:47:34","guid":{"rendered":"https:\/\/usedharvesterheads.com\/?page_id=227"},"modified":"2023-08-21T16:47:44","modified_gmt":"2023-08-21T14:47:44","slug":"begagnade-skordaraggregat","status":"publish","type":"page","link":"https:\/\/usedharvesterheads.com\/sv\/","title":{"rendered":"Begagnade sk\u00f6rdaraggregat"},"content":{"rendered":"\n<p>Letar du efter ett begagnat sk\u00f6rdaraggregat till din skogsmaskin? SP Maskiner har ett antal begagnade sk\u00f6rdaraggregat till f\u00f6rs\u00e4ljning som vi har vi bytt in fr\u00e5n kunder. Det handlar i f\u00f6rsta hand om v\u00e5ra egna sk\u00f6rdaraggregat men \u00e4ven n\u00e5gra andra fabrikat. Sk\u00f6rdaraggregaten servas och provk\u00f6rs innan leverans.<\/p>\n\n\n\n<div class=\"wp-block-columns contact-box has-border-color has-ast-global-color-6-border-color has-ast-global-color-4-background-color has-background is-layout-flex wp-container-core-columns-is-layout-9033841d wp-block-columns-is-layout-flex\" style=\"border-width:1px;padding-top:12px;padding-right:12px;padding-bottom:12px;padding-left:12px;line-height:1.1\">\n<div class=\"wp-block-column is-layout-flow wp-block-column-is-layout-flow\">\n<h3 class=\"wp-block-heading\">Kontakta f\u00f6rs\u00e4ljning<\/h3>\n\n\n\n<p style=\"line-height:1.2\">Vill ni ha mer information om begagnade sk\u00f6rdaraggregat \u00e4r ni v\u00e4lkomna att kontakta f\u00f6rs\u00e4ljningsavdelningen.<\/p>\n\n\n\n<p style=\"line-height:1.2\">E-post:&nbsp;<a href=\"mailto:spm_sales@spmaskiner.se\">spm_sales@spmaskiner.se<\/a><\/p>\n\n\n\n<p>S\u00f6dra Sverige<br>Tobias Svensson\u00a0tel: (+46) \u00a0<a href=\"tel:072-455 2160\">072-455 2160<\/a><br>Norra Sverige<br>Lars Ryttberg tel: (+46) <a href=\"tel:072-455 2173\">072-455 2173<\/a><\/p>\n\n\n\n<p><\/p>\n<\/div>\n<\/div>\n\n\n\n<p><\/p>\n","protected":false},"excerpt":{"rendered":"<p>Letar du efter ett begagnat sk\u00f6rdaraggregat till din skogsmaskin? SP Maskiner har ett antal begagnade sk\u00f6rdaraggregat till f\u00f6rs\u00e4ljning som vi har vi bytt in fr\u00e5n kunder. Det handlar i f\u00f6rsta hand om v\u00e5ra egna sk\u00f6rdaraggregat men \u00e4ven n\u00e5gra andra fabrikat. Sk\u00f6rdaraggregaten servas och provk\u00f6rs innan leverans. Kontakta f\u00f6rs\u00e4ljning Vill ni ha mer information om begagnade [&hellip;]<\/p>\n","protected":false},"author":1,"featured_media":0,"parent":0,"menu_order":0,"comment_status":"closed","ping_status":"closed","template":"skordaraggregat.php","meta":{"_acf_changed":false,"site-sidebar-layout":"default","site-content-layout":"","ast-site-content-layout":"default","site-content-style":"default","site-sidebar-style":"default","ast-global-header-display":"","ast-banner-title-visibility":"","ast-main-header-display":"","ast-hfb-above-header-display":"","ast-hfb-below-header-display":"","ast-hfb-mobile-header-display":"","site-post-title":"","ast-breadcrumbs-content":"","ast-featured-img":"","footer-sml-layout":"","theme-transparent-header-meta":"","adv-header-id-meta":"","stick-header-meta":"","header-above-stick-meta":"","header-main-stick-meta":"","header-below-stick-meta":"","astra-migrate-meta-layouts":"default","ast-page-background-enabled":"default","ast-page-background-meta":{"desktop":{"background-color":"var(--ast-global-color-4)","background-image":"","background-repeat":"repeat","background-position":"center center","background-size":"auto","background-attachment":"scroll","background-type":"","background-media":"","overlay-type":"","overlay-color":"","overlay-opacity":"","overlay-gradient":""},"tablet":{"background-color":"","background-image":"","background-repeat":"repeat","background-position":"center center","background-size":"auto","background-attachment":"scroll","background-type":"","background-media":"","overlay-type":"","overlay-color":"","overlay-opacity":"","overlay-gradient":""},"mobile":{"background-color":"","background-image":"","background-repeat":"repeat","background-position":"center center","background-size":"auto","background-attachment":"scroll","background-type":"","background-media":"","overlay-type":"","overlay-color":"","overlay-opacity":"","overlay-gradient":""}},"ast-content-background-meta":{"desktop":{"background-color":"var(--ast-global-color-5)","background-image":"","background-repeat":"repeat","background-position":"center center","background-size":"auto","background-attachment":"scroll","background-type":"","background-media":"","overlay-type":"","overlay-color":"","overlay-opacity":"","overlay-gradient":""},"tablet":{"background-color":"var(--ast-global-color-5)","background-image":"","background-repeat":"repeat","background-position":"center center","background-size":"auto","background-attachment":"scroll","background-type":"","background-media":"","overlay-type":"","overlay-color":"","overlay-opacity":"","overlay-gradient":""},"mobile":{"background-color":"var(--ast-global-color-5)","background-image":"","background-repeat":"repeat","background-position":"center center","background-size":"auto","background-attachment":"scroll","background-type":"","background-media":"","overlay-type":"","overlay-color":"","overlay-opacity":"","overlay-gradient":""}},"footnotes":""},"class_list":["post-227","page","type-page","status-publish","hentry"],"acf":[],"_links":{"self":[{"href":"https:\/\/usedharvesterheads.com\/sv\/wp-json\/wp\/v2\/pages\/227","targetHints":{"allow":["GET"]}}],"collection":[{"href":"https:\/\/usedharvesterheads.com\/sv\/wp-json\/wp\/v2\/pages"}],"about":[{"href":"https:\/\/usedharvesterheads.com\/sv\/wp-json\/wp\/v2\/types\/page"}],"author":[{"embeddable":true,"href":"https:\/\/usedharvesterheads.com\/sv\/wp-json\/wp\/v2\/users\/1"}],"replies":[{"embeddable":true,"href":"https:\/\/usedharvesterheads.com\/sv\/wp-json\/wp\/v2\/comments?post=227"}],"version-history":[{"count":10,"href":"https:\/\/usedharvesterheads.com\/sv\/wp-json\/wp\/v2\/pages\/227\/revisions"}],"predecessor-version":[{"id":763,"href":"https:\/\/usedharvesterheads.com\/sv\/wp-json\/wp\/v2\/pages\/227\/revisions\/763"}],"wp:attachment":[{"href":"https:\/\/usedharvesterheads.com\/sv\/wp-json\/wp\/v2\/media?parent=227"}],"curies":[{"name":"wp","href":"https:\/\/api.w.org\/{rel}","templated":true}]}}