{"id":498,"date":"2022-11-08T08:48:40","date_gmt":"2022-11-08T07:48:40","guid":{"rendered":"https:\/\/usedharvesterheads.com\/?page_id=498"},"modified":"2022-11-08T09:00:49","modified_gmt":"2022-11-08T08:00:49","slug":"webbplatsinformation","status":"publish","type":"page","link":"https:\/\/usedharvesterheads.com\/sv\/webbplatsinformation\/","title":{"rendered":"Webbplatsinformation"},"content":{"rendered":"\n<h2 class=\"wp-block-heading\" id=\"WEBBLASARE\">Webbl\u00e4sare<\/h2>\n\n\n\n<p>V\u00e5r webbplats fungerar b\u00e4st med modernare versioner av de vanligaste webbl\u00e4sarna. Vi rekommenderar n\u00e5gon av f\u00f6ljande webbl\u00e4sare.<br>Om webbplatsen inte fungerar kan det bero p\u00e5 att JavaScript och\/eller Cookies inte \u00e4r p\u00e5slagna i din webbl\u00e4sare. Kontrollera detta p\u00e5 f\u00f6ljande s\u00e4tt:<\/p>\n\n\n\n<ul class=\"wp-block-list\">\n<li>I Internet Explorer ska alternativet Verktyg\/ Internetalternativ\/ S\u00e4kerhet\/ Anpassad Niv\u00e5\/ Skript\/ Active scripting vara aktiverat och kryssrutan Verktyg\/ Internetalternativ\/ Sekretess\/ Avancerat\/ \u00c5sidos\u00e4tt automatisk cookiehantering inte vara markerade.<\/li>\n\n\n\n<li>I Firefox ska kryssrutorna Verktyg\/ Inst\u00e4llningar\/ Sekretess\/ kakor\/ Till\u00e5t att webbplatser lagrar kakor och Verktyg\/ Inst\u00e4llningar\/ Inneh\u00e5ll\/ Aktivera JavaScript vara markerade.<\/li>\n\n\n\n<li>I Safari g\u00e5r du in under Safarimenyn\/ S\u00e4kerhet och markerar i rutan Aktivera JavaScript och v\u00e4ljer alternativet Alltid till h\u00f6ger om rubriken Acceptera Cookies. I andra webbl\u00e4sare kan s\u00e4ttet p\u00e5 vilket JavaScript och Cookies aktiveras se olika ut, dock brukar alternativen som regel finnas under webbl\u00e4sarens inst\u00e4llningar..<\/li>\n<\/ul>\n\n\n\n<hr class=\"wp-block-separator has-css-opacity\"\/>\n\n\n\n<h2 class=\"wp-block-heading\" id=\"COOKIES\">Cookies<\/h2>\n\n\n\n<p>V\u00e5r webbplats inneh\u00e5ller s\u00e5 kallade cookies. En cookie \u00e4r en liten datafil som webbplatsen sparar i din dator.<\/p>\n\n\n\n<h4 class=\"wp-block-heading\">Cookies lagras tillf\u00e4lligt i din dator<\/h4>\n\n\n\n<p>Vi anv\u00e4nder sessionscookies och sessions-ID f\u00f6r att du ska kunna se de olika sidorna p\u00e5 ett korrekt vis. Cookien sparas inte av din dator utan finns bara tills du st\u00e4nger webbl\u00e4saren. Denna typ av cookie anv\u00e4nds enbart f\u00f6r att kommunikationen mellan din dator och v\u00e5r server ska fungera. Den ger oss ingen information om dig som anv\u00e4ndare och den kan inte heller f\u00f6rmedla n\u00e5gra virus till dig.<\/p>\n\n\n\n<h4 class=\"wp-block-heading\">Du kan st\u00e4nga av cookien<\/h4>\n\n\n\n<p>Om du inte accepterar anv\u00e4ndningen av Cookies kan du \u00e4ndra inst\u00e4llningen i din webbl\u00e4sare s\u00e5 att den inte till\u00e5ter cookies. Detta kommer dock g\u00f6ra att webbsidan inte kommer att fungera f\u00f6r dig.<\/p>\n\n\n\n<hr class=\"wp-block-separator has-css-opacity\"\/>\n\n\n\n<h2 class=\"wp-block-heading\" id=\"JAVASCRIPT\">Javascript<\/h2>\n\n\n\n<p>Flera av webbplatsens tj\u00e4nster kr\u00e4ver att Javascript \u00e4r p\u00e5slaget f\u00f6r att fungera. Se hur du kontrollerar att Javascript \u00e4r p\u00e5slaget under rubriken Webbl\u00e4sare.<\/p>\n\n\n\n<p><\/p>\n\n\n\n<p><\/p>\n\n\n\n<hr class=\"wp-block-separator has-css-opacity\"\/>\n\n\n\n<h2 class=\"wp-block-heading\" id=\"KONTAKT\">Kontakt och support<\/h2>\n\n\n\n<p>Vid tekniska problem eller allm\u00e4na fr\u00e5gor \u00e4r du v\u00e4lkommen att <a href=\"https:\/\/spmaskiner.com\/sv\/kontakt\/kontakt\/\">kontakta oss<\/a>.<\/p>\n","protected":false},"excerpt":{"rendered":"<p>Webbl\u00e4sare V\u00e5r webbplats fungerar b\u00e4st med modernare versioner av de vanligaste webbl\u00e4sarna. Vi rekommenderar n\u00e5gon av f\u00f6ljande webbl\u00e4sare.Om webbplatsen inte fungerar kan det bero p\u00e5 att JavaScript och\/eller Cookies inte \u00e4r p\u00e5slagna i din webbl\u00e4sare. Kontrollera detta p\u00e5 f\u00f6ljande s\u00e4tt: Cookies V\u00e5r webbplats inneh\u00e5ller s\u00e5 kallade cookies. En cookie \u00e4r en liten datafil som webbplatsen [&hellip;]<\/p>\n","protected":false},"author":1,"featured_media":0,"parent":0,"menu_order":0,"comment_status":"closed","ping_status":"closed","template":"","meta":{"_acf_changed":false,"site-sidebar-layout":"default","site-content-layout":"","ast-site-content-layout":"default","site-content-style":"default","site-sidebar-style":"default","ast-global-header-display":"","ast-banner-title-visibility":"","ast-main-header-display":"","ast-hfb-above-header-display":"","ast-hfb-below-header-display":"","ast-hfb-mobile-header-display":"","site-post-title":"","ast-breadcrumbs-content":"","ast-featured-img":"","footer-sml-layout":"","theme-transparent-header-meta":"","adv-header-id-meta":"","stick-header-meta":"","header-above-stick-meta":"","header-main-stick-meta":"","header-below-stick-meta":"","astra-migrate-meta-layouts":"default","ast-page-background-enabled":"default","ast-page-background-meta":{"desktop":{"background-color":"var(--ast-global-color-4)","background-image":"","background-repeat":"repeat","background-position":"center center","background-size":"auto","background-attachment":"scroll","background-type":"","background-media":"","overlay-type":"","overlay-color":"","overlay-opacity":"","overlay-gradient":""},"tablet":{"background-color":"","background-image":"","background-repeat":"repeat","background-position":"center center","background-size":"auto","background-attachment":"scroll","background-type":"","background-media":"","overlay-type":"","overlay-color":"","overlay-opacity":"","overlay-gradient":""},"mobile":{"background-color":"","background-image":"","background-repeat":"repeat","background-position":"center center","background-size":"auto","background-attachment":"scroll","background-type":"","background-media":"","overlay-type":"","overlay-color":"","overlay-opacity":"","overlay-gradient":""}},"ast-content-background-meta":{"desktop":{"background-color":"var(--ast-global-color-5)","background-image":"","background-repeat":"repeat","background-position":"center center","background-size":"auto","background-attachment":"scroll","background-type":"","background-media":"","overlay-type":"","overlay-color":"","overlay-opacity":"","overlay-gradient":""},"tablet":{"background-color":"var(--ast-global-color-5)","background-image":"","background-repeat":"repeat","background-position":"center center","background-size":"auto","background-attachment":"scroll","background-type":"","background-media":"","overlay-type":"","overlay-color":"","overlay-opacity":"","overlay-gradient":""},"mobile":{"background-color":"var(--ast-global-color-5)","background-image":"","background-repeat":"repeat","background-position":"center center","background-size":"auto","background-attachment":"scroll","background-type":"","background-media":"","overlay-type":"","overlay-color":"","overlay-opacity":"","overlay-gradient":""}},"footnotes":""},"class_list":["post-498","page","type-page","status-publish","hentry"],"acf":[],"_links":{"self":[{"href":"https:\/\/usedharvesterheads.com\/sv\/wp-json\/wp\/v2\/pages\/498","targetHints":{"allow":["GET"]}}],"collection":[{"href":"https:\/\/usedharvesterheads.com\/sv\/wp-json\/wp\/v2\/pages"}],"about":[{"href":"https:\/\/usedharvesterheads.com\/sv\/wp-json\/wp\/v2\/types\/page"}],"author":[{"embeddable":true,"href":"https:\/\/usedharvesterheads.com\/sv\/wp-json\/wp\/v2\/users\/1"}],"replies":[{"embeddable":true,"href":"https:\/\/usedharvesterheads.com\/sv\/wp-json\/wp\/v2\/comments?post=498"}],"version-history":[{"count":3,"href":"https:\/\/usedharvesterheads.com\/sv\/wp-json\/wp\/v2\/pages\/498\/revisions"}],"predecessor-version":[{"id":502,"href":"https:\/\/usedharvesterheads.com\/sv\/wp-json\/wp\/v2\/pages\/498\/revisions\/502"}],"wp:attachment":[{"href":"https:\/\/usedharvesterheads.com\/sv\/wp-json\/wp\/v2\/media?parent=498"}],"curies":[{"name":"wp","href":"https:\/\/api.w.org\/{rel}","templated":true}]}}